{"id":990231,"date":"2017-06-13T16:57:43","date_gmt":"2017-06-13T14:57:43","guid":{"rendered":"https:\/\/plantationsweisen.lu\/dienste\/natuerliche-pools\/"},"modified":"2025-12-01T18:39:35","modified_gmt":"2025-12-01T17:39:35","slug":"natuerliche-pools","status":"publish","type":"page","link":"https:\/\/plantationsweisen.lu\/de\/dienste\/natuerliche-pools\/","title":{"rendered":"Nat\u00fcrliche Pools"},"content":{"rendered":"<div class=\"vgblk-rw-wrapper limit-wrapper\">\n<h2>\n\tNat\u00fcrliche Pools, Juwelen der G\u00e4rten\n\t<\/h2>\n\t<p>Wir bei Plantations Weisen haben eine Leidenschaft daf\u00fcr, wundersch\u00f6ne Au\u00dfenbereiche zu schaffen, die Sch\u00f6nheit, Funktionalit\u00e4t und Nachhaltigkeit miteinander verbinden. Wir haben uns auf die Planung und den Einbau von Naturpools spezialisiert, einer nachhaltigen und umweltfreundlichen Alternative zu herk\u00f6mmlichen Pools.<\/p>\n<p>Unsere Naturpools sind so gestaltet, dass sie das Aussehen und das Erlebnis des Schwimmens in einem See oder Fluss nachbilden. Sie sind harmonisch in die nat\u00fcrliche Umgebung Ihres Anwesens integriert und schaffen so eine Oase der Entspannung im Freien.<\/p>\n\t\t\t\t\t\t\t<img loading=\"lazy\" src=\"https:\/\/plantationsweisen.lu\/wp-content\/uploads\/2023\/03\/piscine-naturelle-7-min.jpg\" alt=\"piscine-naturelle-7-min\" itemprop=\"image\" height=\"3456\" width=\"4608\" title=\"piscine-naturelle-7-min\" onerror=\"this.style.display='none'\"  sizes=\"auto, (max-width: 768px) 100vw, 100vw\" srcset=\"https:\/\/i0.wp.com\/plantationsweisen.lu\/wp-content\/uploads\/2023\/03\/piscine-naturelle-7-min.jpg?w=4608&amp;ssl=1 4608w, https:\/\/i0.wp.com\/plantationsweisen.lu\/wp-content\/uploads\/2023\/03\/piscine-naturelle-7-min.jpg?resize=300%2C225&amp;ssl=1 300w, https:\/\/i0.wp.com\/plantationsweisen.lu\/wp-content\/uploads\/2023\/03\/piscine-naturelle-7-min.jpg?resize=1024%2C768&amp;ssl=1 1024w, https:\/\/i0.wp.com\/plantationsweisen.lu\/wp-content\/uploads\/2023\/03\/piscine-naturelle-7-min.jpg?resize=768%2C576&amp;ssl=1 768w, https:\/\/i0.wp.com\/plantationsweisen.lu\/wp-content\/uploads\/2023\/03\/piscine-naturelle-7-min.jpg?resize=1536%2C1152&amp;ssl=1 1536w, https:\/\/i0.wp.com\/plantationsweisen.lu\/wp-content\/uploads\/2023\/03\/piscine-naturelle-7-min.jpg?resize=2048%2C1536&amp;ssl=1 2048w, https:\/\/i0.wp.com\/plantationsweisen.lu\/wp-content\/uploads\/2023\/03\/piscine-naturelle-7-min.jpg?resize=1400%2C1050&amp;ssl=1 1400w, https:\/\/i0.wp.com\/plantationsweisen.lu\/wp-content\/uploads\/2023\/03\/piscine-naturelle-7-min.jpg?resize=700%2C525&amp;ssl=1 700w, https:\/\/i0.wp.com\/plantationsweisen.lu\/wp-content\/uploads\/2023\/03\/piscine-naturelle-7-min.jpg?resize=466%2C350&amp;ssl=1 466w, https:\/\/i0.wp.com\/plantationsweisen.lu\/wp-content\/uploads\/2023\/03\/piscine-naturelle-7-min.jpg?resize=933%2C700&amp;ssl=1 933w, https:\/\/i0.wp.com\/plantationsweisen.lu\/wp-content\/uploads\/2023\/03\/piscine-naturelle-7-min.jpg?resize=350%2C263&amp;ssl=1 350w, https:\/\/i0.wp.com\/plantationsweisen.lu\/wp-content\/uploads\/2023\/03\/piscine-naturelle-7-min.jpg?w=2800&amp;ssl=1 2800w, https:\/\/i0.wp.com\/plantationsweisen.lu\/wp-content\/uploads\/2023\/03\/piscine-naturelle-7-min.jpg?w=4200&amp;ssl=1 4200w\" \/>\t\t\t\t\t\t\t\n\t<p>Pflanzen und nat\u00fcrliche Mikroorganismen reinigen das Wasser und schaffen so ein umweltfreundliches und gesundes Badeerlebnis. Dann k\u00f6nnen Sie Filter, Patronen und Chlorkapseln zur Pflege des Wassers in Ihrem Pool vergessen: Das \u00fcbernehmen lebende Organismen! Die nat\u00fcrlichen Pools sind die wahren Juwelen der luxemburgischen G\u00e4rten.<\/p>\n<p>Unser Team aus Gartenprofis verf\u00fcgt \u00fcber umfassende Erfahrung und Expertise bei der Gestaltung von Naturpools. Indem wir Hand in Hand mit unseren Kunden arbeiten, verstehen wir ihre Bed\u00fcrfnisse und Vorlieben in Bezug auf Design und Funktionalit\u00e4t. Diese enge Zusammenarbeit erm\u00f6glicht es uns, das Projekt, das Sie wirklich wollen, bis ins kleinste Detail zu gestalten&#8230; Auch wir verwenden hochwertige Materialien und modernste Techniken, um attraktive, langlebige und pflegeleichte Naturpools zu schaffen.<\/p>\n<p>Vertrauen Sie unserem Team von Gartenprofis, um einen einzigartigen und wundersch\u00f6nen Naturpool f\u00fcr Sie und Ihre Familie zu schaffen. Wir sind da, um Sie bei jedem Schritt des Prozesses zu begleiten, von der ersten Konzeption bis zur endg\u00fcltigen Installation. Kontaktieren Sie uns noch heute, um Ihr Projekt f\u00fcr einen Naturpool in Luxemburg zu besprechen und schnell ein Angebot zu erhalten.<\/p>\n\t<a href=\"https:\/\/plantationsweisen.lu\/de\/kontaktieren-sie-uns\/\" target=\"_self\" role=\"button\">\n\t\t\t\t\tIch starte mein Projekt\n\t<\/a>\n<h2>\n\tEinige Fotos\n\t<\/h2>\n\t<p><img loading=\"lazy\" src=\"https:\/\/plantationsweisen.lu\/wp-content\/uploads\/2023\/06\/emering-228x300.jpg\" alt=\"\" width=\"228\" height=\"300\"\/><\/p>\n\t\t\t\t\t\t\t<img src=\"https:\/\/plantationsweisen.lu\/wp-content\/plugins\/beaver-builder-lite-version\/img\/pixel.png\" alt=\"\" itemprop=\"image\" onerror=\"this.style.display='none'\"  \/>\n<h2>\n\tUnsere Referenzen\n\t<\/h2>\n<h4>\n\tErz\u00e4hlen Sie uns von Ihrem Projekt\n\t<\/h4>\n<h4>\n\tUnsere Experten werden Ihre Bed\u00fcrfnisse analysieren und Ihnen so schnell wie m\u00f6glich antworten.\n\t<\/h4>\n\tHinweis: F\u00fcr diesen Inhalt ist JavaScript erforderlich.\n        <!-- That data is being printed as a workaround to page builders reordering the order of the scripts loaded-->\n        \n<\/div><!-- .vgblk-rw-wrapper -->","protected":false},"excerpt":{"rendered":"<p>Nat\u00fcrliche Pools, Juwelen der G\u00e4rten Wir bei Plantations Weisen haben eine Leidenschaft daf\u00fcr, wundersch\u00f6ne Au\u00dfenbereiche zu schaffen, die Sch\u00f6nheit, Funktionalit\u00e4t und Nachhaltigkeit miteinander verbinden. Wir haben uns auf die Planung und den Einbau von Naturpools spezialisiert, einer nachhaltigen und umweltfreundlichen Alternative zu herk\u00f6mmlichen Pools. Unsere Naturpools sind so gestaltet, dass sie das Aussehen und das&#8230;<\/p>\n","protected":false},"author":159765760,"featured_media":990054,"parent":990224,"menu_order":0,"comment_status":"closed","ping_status":"closed","template":"","meta":{"inline_featured_image":false,"cybocfi_hide_featured_image":"","footnotes":""},"class_list":["post-990231","page","type-page","status-publish","has-post-thumbnail","hentry"],"yoast_head":"<!-- This site is optimized with the Yoast SEO plugin v27.4 - https:\/\/yoast.com\/product\/yoast-seo-wordpress\/ -->\n<title>Nat\u00fcrliche Pools - Plantations Weisen<\/title>\n<meta name=\"description\" content=\"Genie\u00dfen Sie die Vorz\u00fcge des Badens in reinem, nat\u00fcrlichem Wasser mit unserem Service zur Erstellung von Naturpools in Luxemburg.\" \/>\n<meta name=\"robots\" content=\"index, follow, max-snippet:-1, max-image-preview:large, max-video-preview:-1\" \/>\n<link rel=\"canonical\" href=\"https:\/\/plantationsweisen.lu\/de\/dienste\/natuerliche-pools\/\" \/>\n<meta property=\"og:locale\" content=\"de_DE\" \/>\n<meta property=\"og:type\" content=\"article\" \/>\n<meta property=\"og:title\" content=\"Nat\u00fcrliche Pools - Plantations Weisen\" \/>\n<meta property=\"og:description\" content=\"Genie\u00dfen Sie die Vorz\u00fcge des Badens in reinem, nat\u00fcrlichem Wasser mit unserem Service zur Erstellung von Naturpools in Luxemburg.\" \/>\n<meta property=\"og:url\" content=\"https:\/\/plantationsweisen.lu\/de\/dienste\/natuerliche-pools\/\" \/>\n<meta property=\"og:site_name\" content=\"Plantations Weisen\" \/>\n<meta property=\"article:publisher\" content=\"https:\/\/www.facebook.com\/PlantationWeisen\" \/>\n<meta property=\"article:modified_time\" content=\"2025-12-01T17:39:35+00:00\" \/>\n<meta property=\"og:image\" content=\"https:\/\/i0.wp.com\/plantationsweisen.lu\/wp-content\/uploads\/2023\/03\/piscine-naturelle-min.jpg?fit=1134%2C1134&ssl=1\" \/>\n\t<meta property=\"og:image:width\" content=\"1134\" \/>\n\t<meta property=\"og:image:height\" content=\"1134\" \/>\n\t<meta property=\"og:image:type\" content=\"image\/jpeg\" \/>\n<meta name=\"twitter:card\" content=\"summary_large_image\" \/>\n<script type=\"application\/ld+json\" class=\"yoast-schema-graph\">{\"@context\":\"https:\\\/\\\/schema.org\",\"@graph\":[{\"@type\":\"WebPage\",\"@id\":\"https:\\\/\\\/plantationsweisen.lu\\\/de\\\/dienste\\\/natuerliche-pools\\\/\",\"url\":\"https:\\\/\\\/plantationsweisen.lu\\\/de\\\/dienste\\\/natuerliche-pools\\\/\",\"name\":\"Nat\u00fcrliche Pools - Plantations Weisen\",\"isPartOf\":{\"@id\":\"https:\\\/\\\/plantationsweisen.lu\\\/#website\"},\"primaryImageOfPage\":{\"@id\":\"https:\\\/\\\/plantationsweisen.lu\\\/de\\\/dienste\\\/natuerliche-pools\\\/#primaryimage\"},\"image\":{\"@id\":\"https:\\\/\\\/plantationsweisen.lu\\\/de\\\/dienste\\\/natuerliche-pools\\\/#primaryimage\"},\"thumbnailUrl\":\"https:\\\/\\\/plantationsweisen.lu\\\/wp-content\\\/uploads\\\/2023\\\/03\\\/piscine-naturelle-min.jpg\",\"datePublished\":\"2017-06-13T14:57:43+00:00\",\"dateModified\":\"2025-12-01T17:39:35+00:00\",\"description\":\"Genie\u00dfen Sie die Vorz\u00fcge des Badens in reinem, nat\u00fcrlichem Wasser mit unserem Service zur Erstellung von Naturpools in Luxemburg.\",\"breadcrumb\":{\"@id\":\"https:\\\/\\\/plantationsweisen.lu\\\/de\\\/dienste\\\/natuerliche-pools\\\/#breadcrumb\"},\"inLanguage\":\"de\",\"potentialAction\":[{\"@type\":\"ReadAction\",\"target\":[\"https:\\\/\\\/plantationsweisen.lu\\\/de\\\/dienste\\\/natuerliche-pools\\\/\"]}]},{\"@type\":\"ImageObject\",\"inLanguage\":\"de\",\"@id\":\"https:\\\/\\\/plantationsweisen.lu\\\/de\\\/dienste\\\/natuerliche-pools\\\/#primaryimage\",\"url\":\"https:\\\/\\\/plantationsweisen.lu\\\/wp-content\\\/uploads\\\/2023\\\/03\\\/piscine-naturelle-min.jpg\",\"contentUrl\":\"https:\\\/\\\/plantationsweisen.lu\\\/wp-content\\\/uploads\\\/2023\\\/03\\\/piscine-naturelle-min.jpg\",\"width\":1134,\"height\":1134,\"caption\":\"piscines naturelles au luxembourg\"},{\"@type\":\"BreadcrumbList\",\"@id\":\"https:\\\/\\\/plantationsweisen.lu\\\/de\\\/dienste\\\/natuerliche-pools\\\/#breadcrumb\",\"itemListElement\":[{\"@type\":\"ListItem\",\"position\":1,\"name\":\"Accueil\",\"item\":\"https:\\\/\\\/plantationsweisen.lu\\\/de\\\/\"},{\"@type\":\"ListItem\",\"position\":2,\"name\":\"Dienste\",\"item\":\"https:\\\/\\\/plantationsweisen.lu\\\/de\\\/dienste\\\/\"},{\"@type\":\"ListItem\",\"position\":3,\"name\":\"Nat\u00fcrliche Pools\"}]},{\"@type\":\"WebSite\",\"@id\":\"https:\\\/\\\/plantationsweisen.lu\\\/#website\",\"url\":\"https:\\\/\\\/plantationsweisen.lu\\\/\",\"name\":\"Plantations Weisen\",\"description\":\"\",\"publisher\":{\"@id\":\"https:\\\/\\\/plantationsweisen.lu\\\/#organization\"},\"potentialAction\":[{\"@type\":\"SearchAction\",\"target\":{\"@type\":\"EntryPoint\",\"urlTemplate\":\"https:\\\/\\\/plantationsweisen.lu\\\/?s={search_term_string}\"},\"query-input\":{\"@type\":\"PropertyValueSpecification\",\"valueRequired\":true,\"valueName\":\"search_term_string\"}}],\"inLanguage\":\"de\"},{\"@type\":\"Organization\",\"@id\":\"https:\\\/\\\/plantationsweisen.lu\\\/#organization\",\"name\":\"Plantations Weisen\",\"url\":\"https:\\\/\\\/plantationsweisen.lu\\\/\",\"logo\":{\"@type\":\"ImageObject\",\"inLanguage\":\"de\",\"@id\":\"https:\\\/\\\/plantationsweisen.lu\\\/#\\\/schema\\\/logo\\\/image\\\/\",\"url\":\"https:\\\/\\\/plantationsweisen.lu\\\/wp-content\\\/uploads\\\/2023\\\/04\\\/cropped-Logo-vert-Fonce-Plantations-Weisen.png\",\"contentUrl\":\"https:\\\/\\\/plantationsweisen.lu\\\/wp-content\\\/uploads\\\/2023\\\/04\\\/cropped-Logo-vert-Fonce-Plantations-Weisen.png\",\"width\":150,\"height\":150,\"caption\":\"Plantations Weisen\"},\"image\":{\"@id\":\"https:\\\/\\\/plantationsweisen.lu\\\/#\\\/schema\\\/logo\\\/image\\\/\"},\"sameAs\":[\"https:\\\/\\\/www.facebook.com\\\/PlantationWeisen\",\"https:\\\/\\\/www.instagram.com\\\/plantationsweisen\\\/\",\"https:\\\/\\\/www.tiktok.com\\\/@plantationsweisen\",\"https:\\\/\\\/www.linkedin.com\\\/company\\\/plantations-weisen\\\/\"]}]}<\/script>\n<!-- \/ Yoast SEO plugin. -->","yoast_head_json":{"title":"Nat\u00fcrliche Pools - Plantations Weisen","description":"Genie\u00dfen Sie die Vorz\u00fcge des Badens in reinem, nat\u00fcrlichem Wasser mit unserem Service zur Erstellung von Naturpools in Luxemburg.","robots":{"index":"index","follow":"follow","max-snippet":"max-snippet:-1","max-image-preview":"max-image-preview:large","max-video-preview":"max-video-preview:-1"},"canonical":"https:\/\/plantationsweisen.lu\/de\/dienste\/natuerliche-pools\/","og_locale":"de_DE","og_type":"article","og_title":"Nat\u00fcrliche Pools - Plantations Weisen","og_description":"Genie\u00dfen Sie die Vorz\u00fcge des Badens in reinem, nat\u00fcrlichem Wasser mit unserem Service zur Erstellung von Naturpools in Luxemburg.","og_url":"https:\/\/plantationsweisen.lu\/de\/dienste\/natuerliche-pools\/","og_site_name":"Plantations Weisen","article_publisher":"https:\/\/www.facebook.com\/PlantationWeisen","article_modified_time":"2025-12-01T17:39:35+00:00","og_image":[{"width":1134,"height":1134,"url":"https:\/\/i0.wp.com\/plantationsweisen.lu\/wp-content\/uploads\/2023\/03\/piscine-naturelle-min.jpg?fit=1134%2C1134&ssl=1","type":"image\/jpeg"}],"twitter_card":"summary_large_image","schema":{"@context":"https:\/\/schema.org","@graph":[{"@type":"WebPage","@id":"https:\/\/plantationsweisen.lu\/de\/dienste\/natuerliche-pools\/","url":"https:\/\/plantationsweisen.lu\/de\/dienste\/natuerliche-pools\/","name":"Nat\u00fcrliche Pools - Plantations Weisen","isPartOf":{"@id":"https:\/\/plantationsweisen.lu\/#website"},"primaryImageOfPage":{"@id":"https:\/\/plantationsweisen.lu\/de\/dienste\/natuerliche-pools\/#primaryimage"},"image":{"@id":"https:\/\/plantationsweisen.lu\/de\/dienste\/natuerliche-pools\/#primaryimage"},"thumbnailUrl":"https:\/\/plantationsweisen.lu\/wp-content\/uploads\/2023\/03\/piscine-naturelle-min.jpg","datePublished":"2017-06-13T14:57:43+00:00","dateModified":"2025-12-01T17:39:35+00:00","description":"Genie\u00dfen Sie die Vorz\u00fcge des Badens in reinem, nat\u00fcrlichem Wasser mit unserem Service zur Erstellung von Naturpools in Luxemburg.","breadcrumb":{"@id":"https:\/\/plantationsweisen.lu\/de\/dienste\/natuerliche-pools\/#breadcrumb"},"inLanguage":"de","potentialAction":[{"@type":"ReadAction","target":["https:\/\/plantationsweisen.lu\/de\/dienste\/natuerliche-pools\/"]}]},{"@type":"ImageObject","inLanguage":"de","@id":"https:\/\/plantationsweisen.lu\/de\/dienste\/natuerliche-pools\/#primaryimage","url":"https:\/\/plantationsweisen.lu\/wp-content\/uploads\/2023\/03\/piscine-naturelle-min.jpg","contentUrl":"https:\/\/plantationsweisen.lu\/wp-content\/uploads\/2023\/03\/piscine-naturelle-min.jpg","width":1134,"height":1134,"caption":"piscines naturelles au luxembourg"},{"@type":"BreadcrumbList","@id":"https:\/\/plantationsweisen.lu\/de\/dienste\/natuerliche-pools\/#breadcrumb","itemListElement":[{"@type":"ListItem","position":1,"name":"Accueil","item":"https:\/\/plantationsweisen.lu\/de\/"},{"@type":"ListItem","position":2,"name":"Dienste","item":"https:\/\/plantationsweisen.lu\/de\/dienste\/"},{"@type":"ListItem","position":3,"name":"Nat\u00fcrliche Pools"}]},{"@type":"WebSite","@id":"https:\/\/plantationsweisen.lu\/#website","url":"https:\/\/plantationsweisen.lu\/","name":"Plantations Weisen","description":"","publisher":{"@id":"https:\/\/plantationsweisen.lu\/#organization"},"potentialAction":[{"@type":"SearchAction","target":{"@type":"EntryPoint","urlTemplate":"https:\/\/plantationsweisen.lu\/?s={search_term_string}"},"query-input":{"@type":"PropertyValueSpecification","valueRequired":true,"valueName":"search_term_string"}}],"inLanguage":"de"},{"@type":"Organization","@id":"https:\/\/plantationsweisen.lu\/#organization","name":"Plantations Weisen","url":"https:\/\/plantationsweisen.lu\/","logo":{"@type":"ImageObject","inLanguage":"de","@id":"https:\/\/plantationsweisen.lu\/#\/schema\/logo\/image\/","url":"https:\/\/plantationsweisen.lu\/wp-content\/uploads\/2023\/04\/cropped-Logo-vert-Fonce-Plantations-Weisen.png","contentUrl":"https:\/\/plantationsweisen.lu\/wp-content\/uploads\/2023\/04\/cropped-Logo-vert-Fonce-Plantations-Weisen.png","width":150,"height":150,"caption":"Plantations Weisen"},"image":{"@id":"https:\/\/plantationsweisen.lu\/#\/schema\/logo\/image\/"},"sameAs":["https:\/\/www.facebook.com\/PlantationWeisen","https:\/\/www.instagram.com\/plantationsweisen\/","https:\/\/www.tiktok.com\/@plantationsweisen","https:\/\/www.linkedin.com\/company\/plantations-weisen\/"]}]}},"jetpack_sharing_enabled":true,"_links":{"self":[{"href":"https:\/\/plantationsweisen.lu\/de\/wp-json\/wp\/v2\/pages\/990231","targetHints":{"allow":["GET"]}}],"collection":[{"href":"https:\/\/plantationsweisen.lu\/de\/wp-json\/wp\/v2\/pages"}],"about":[{"href":"https:\/\/plantationsweisen.lu\/de\/wp-json\/wp\/v2\/types\/page"}],"author":[{"embeddable":true,"href":"https:\/\/plantationsweisen.lu\/de\/wp-json\/wp\/v2\/users\/159765760"}],"replies":[{"embeddable":true,"href":"https:\/\/plantationsweisen.lu\/de\/wp-json\/wp\/v2\/comments?post=990231"}],"version-history":[{"count":8,"href":"https:\/\/plantationsweisen.lu\/de\/wp-json\/wp\/v2\/pages\/990231\/revisions"}],"predecessor-version":[{"id":993206,"href":"https:\/\/plantationsweisen.lu\/de\/wp-json\/wp\/v2\/pages\/990231\/revisions\/993206"}],"up":[{"embeddable":true,"href":"https:\/\/plantationsweisen.lu\/de\/wp-json\/wp\/v2\/pages\/990224"}],"wp:featuredmedia":[{"embeddable":true,"href":"https:\/\/plantationsweisen.lu\/de\/wp-json\/wp\/v2\/media\/990054"}],"wp:attachment":[{"href":"https:\/\/plantationsweisen.lu\/de\/wp-json\/wp\/v2\/media?parent=990231"}],"curies":[{"name":"wp","href":"https:\/\/api.w.org\/{rel}","templated":true}]}}