{"id":990225,"date":"2023-02-15T12:11:00","date_gmt":"2023-02-15T11:11:00","guid":{"rendered":"https:\/\/plantationsweisen.lu\/dienste\/3d-architektur\/"},"modified":"2025-12-01T18:42:57","modified_gmt":"2025-12-01T17:42:57","slug":"3d-architektur","status":"publish","type":"page","link":"https:\/\/plantationsweisen.lu\/de\/dienste\/3d-architektur\/","title":{"rendered":"3D-Gartengestaltung"},"content":{"rendered":"<div class=\"vgblk-rw-wrapper limit-wrapper\">\n<h2>\n\tIhr Garten auf dem neuesten Stand der Technik mit 3D-Architektur! \n\t<\/h2>\n\t<p>Tr\u00e4umen Sie von einem perfekt gestalteten Garten mit harmonischen R\u00e4umen und Farben, die perfekt zusammenpassen? Unser Unternehmen f\u00fcr Landschaftsgestaltung und Gartenbau ist dazu da, Ihnen bei der Verwirklichung Ihres Traums zu helfen. Die 3D-Architektur ist eine unserer gr\u00f6\u00dften St\u00e4rken. Es erm\u00f6glicht uns, genauer zu arbeiten und besser auf Ihre Erwartungen einzugehen. So k\u00f6nnen wir individuelle Designs f\u00fcr Ihren Garten erstellen, die die Topografie, die Umgebung und Ihre \u00e4sthetischen Vorlieben ber\u00fccksichtigen.<\/p>\n<h2>\n\tEine neue 3D-Software!\n\t<\/h2>\n\t<p>Die neue 3D-Architektursoftware ist ein entscheidender Faktor beim Start Ihrer Landschafts- und Gartenbauprojekte. Diese revolution\u00e4re Software ist ein Game-Changer, denn sie erm\u00f6glicht es Fachleuten, Pl\u00e4ne in 3D mit unglaublicher Genauigkeit zu visualisieren und zu entwerfen.<\/p>\n<p>Mithilfe dieser Software sind unsere Landschaftsarchitekten in der Lage, detaillierte und genaue Pl\u00e4ne f\u00fcr Ihre Projekte zu erstellen. Mit den Kunden zu kommunizieren und sicherzustellen, dass alle Details vor Beginn der Arbeiten ber\u00fccksichtigt werden, ist nun m\u00f6glich.<\/p>\n<h2>\n\tVisualisieren Sie Ihren Garten schon vor seiner Entstehung!\n\t<\/h2>\n\t<p>Mit unserer 3D-Architektursoftware k\u00f6nnen Sie Ihr Gartenprojekt vor Beginn der Bauarbeiten visualisieren. Sie k\u00f6nnen ihn nach Ihren Vorlieben und W\u00fcnschen ver\u00e4ndern und so Ihren Traumgarten gestalten. Wir k\u00f6nnen auch einen Pflanzplan erstellen, der auf Ihre Region und Ihre Vorlieben zugeschnitten ist. Wenn Sie die 3D-Pl\u00e4ne best\u00e4tigen, werden Ihnen diese vollst\u00e4ndig zur\u00fcckerstattet. Kontaktieren Sie uns jetzt, um Ihren pers\u00f6nlichen Garten zu erhalten.<\/p>\n<h5>\n\tSehen Sie Ihren zuk\u00fcnftigen Garten vorab mit 3D von Plantations Weisen\n\t<\/h5>\n\t<a href=\"https:\/\/plantationsweisen.lu\/de\/kontaktieren-sie-uns\/\" target=\"_self\" role=\"button\">\n\t\t\t\t\tKontakt mit unserem 3D-Architekten aufnehmen\n\t<\/a>\n<h4>\n\tErz\u00e4hlen Sie uns von Ihrem Projekt\n\t<\/h4>\n<h4>\n\tUnsere Experten werden Ihre Bed\u00fcrfnisse analysieren und Ihnen so schnell wie m\u00f6glich antworten.\n\t<\/h4>\n\tHinweis: F\u00fcr diesen Inhalt ist JavaScript erforderlich.\n        <!-- That data is being printed as a workaround to page builders reordering the order of the scripts loaded-->\n        \n<\/div><!-- .vgblk-rw-wrapper -->","protected":false},"excerpt":{"rendered":"<p>Ihr Garten auf dem neuesten Stand der Technik mit 3D-Architektur! Tr\u00e4umen Sie von einem perfekt gestalteten Garten mit harmonischen R\u00e4umen und Farben, die perfekt zusammenpassen? Unser Unternehmen f\u00fcr Landschaftsgestaltung und Gartenbau ist dazu da, Ihnen bei der Verwirklichung Ihres Traums zu helfen. Die 3D-Architektur ist eine unserer gr\u00f6\u00dften St\u00e4rken. Es erm\u00f6glicht uns, genauer zu arbeiten&#8230;<\/p>\n","protected":false},"author":159765760,"featured_media":990144,"parent":990224,"menu_order":0,"comment_status":"closed","ping_status":"closed","template":"","meta":{"inline_featured_image":false,"cybocfi_hide_featured_image":"","footnotes":""},"class_list":["post-990225","page","type-page","status-publish","has-post-thumbnail","hentry"],"yoast_head":"<!-- This site is optimized with the Yoast SEO plugin v27.4 - https:\/\/yoast.com\/product\/yoast-seo-wordpress\/ -->\n<title>3D-Gartengestaltung - Plantations Weisen<\/title>\n<meta name=\"description\" content=\"Visualisieren Sie Ihren Garten in 3D mit unserem Landschaftsarchitektur-Service. Erwecken Sie Ihr Projekt jetzt zum Leben.\" \/>\n<meta name=\"robots\" content=\"index, follow, max-snippet:-1, max-image-preview:large, max-video-preview:-1\" \/>\n<link rel=\"canonical\" href=\"https:\/\/plantationsweisen.lu\/de\/dienste\/3d-architektur\/\" \/>\n<meta property=\"og:locale\" content=\"de_DE\" \/>\n<meta property=\"og:type\" content=\"article\" \/>\n<meta property=\"og:title\" content=\"3D-Gartengestaltung - Plantations Weisen\" \/>\n<meta property=\"og:description\" content=\"Visualisieren Sie Ihren Garten in 3D mit unserem Landschaftsarchitektur-Service. Erwecken Sie Ihr Projekt jetzt zum Leben.\" \/>\n<meta property=\"og:url\" content=\"https:\/\/plantationsweisen.lu\/de\/dienste\/3d-architektur\/\" \/>\n<meta property=\"og:site_name\" content=\"Plantations Weisen\" \/>\n<meta property=\"article:publisher\" content=\"https:\/\/www.facebook.com\/PlantationWeisen\" \/>\n<meta property=\"article:modified_time\" content=\"2025-12-01T17:42:57+00:00\" \/>\n<meta property=\"og:image\" content=\"https:\/\/i0.wp.com\/plantationsweisen.lu\/wp-content\/uploads\/revslider\/video-media\/video_architecture_3d_20.jpeg?fit=1920%2C1080&ssl=1\" \/>\n\t<meta property=\"og:image:width\" content=\"1920\" \/>\n\t<meta property=\"og:image:height\" content=\"1080\" \/>\n\t<meta property=\"og:image:type\" content=\"image\/jpeg\" \/>\n<meta name=\"twitter:card\" content=\"summary_large_image\" \/>\n<meta name=\"twitter:label1\" content=\"Gesch\u00e4tzte Lesezeit\" \/>\n\t<meta name=\"twitter:data1\" content=\"2\u00a0Minuten\" \/>\n<script type=\"application\/ld+json\" class=\"yoast-schema-graph\">{\"@context\":\"https:\\\/\\\/schema.org\",\"@graph\":[{\"@type\":\"WebPage\",\"@id\":\"https:\\\/\\\/plantationsweisen.lu\\\/de\\\/dienste\\\/3d-architektur\\\/\",\"url\":\"https:\\\/\\\/plantationsweisen.lu\\\/de\\\/dienste\\\/3d-architektur\\\/\",\"name\":\"3D-Gartengestaltung - Plantations Weisen\",\"isPartOf\":{\"@id\":\"https:\\\/\\\/plantationsweisen.lu\\\/#website\"},\"primaryImageOfPage\":{\"@id\":\"https:\\\/\\\/plantationsweisen.lu\\\/de\\\/dienste\\\/3d-architektur\\\/#primaryimage\"},\"image\":{\"@id\":\"https:\\\/\\\/plantationsweisen.lu\\\/de\\\/dienste\\\/3d-architektur\\\/#primaryimage\"},\"thumbnailUrl\":\"https:\\\/\\\/plantationsweisen.lu\\\/wp-content\\\/uploads\\\/revslider\\\/video-media\\\/video_architecture_3d_20.jpeg\",\"datePublished\":\"2023-02-15T11:11:00+00:00\",\"dateModified\":\"2025-12-01T17:42:57+00:00\",\"description\":\"Visualisieren Sie Ihren Garten in 3D mit unserem Landschaftsarchitektur-Service. Erwecken Sie Ihr Projekt jetzt zum Leben.\",\"breadcrumb\":{\"@id\":\"https:\\\/\\\/plantationsweisen.lu\\\/de\\\/dienste\\\/3d-architektur\\\/#breadcrumb\"},\"inLanguage\":\"de\",\"potentialAction\":[{\"@type\":\"ReadAction\",\"target\":[\"https:\\\/\\\/plantationsweisen.lu\\\/de\\\/dienste\\\/3d-architektur\\\/\"]}]},{\"@type\":\"ImageObject\",\"inLanguage\":\"de\",\"@id\":\"https:\\\/\\\/plantationsweisen.lu\\\/de\\\/dienste\\\/3d-architektur\\\/#primaryimage\",\"url\":\"https:\\\/\\\/plantationsweisen.lu\\\/wp-content\\\/uploads\\\/revslider\\\/video-media\\\/video_architecture_3d_20.jpeg\",\"contentUrl\":\"https:\\\/\\\/plantationsweisen.lu\\\/wp-content\\\/uploads\\\/revslider\\\/video-media\\\/video_architecture_3d_20.jpeg\",\"width\":1920,\"height\":1080},{\"@type\":\"BreadcrumbList\",\"@id\":\"https:\\\/\\\/plantationsweisen.lu\\\/de\\\/dienste\\\/3d-architektur\\\/#breadcrumb\",\"itemListElement\":[{\"@type\":\"ListItem\",\"position\":1,\"name\":\"Accueil\",\"item\":\"https:\\\/\\\/plantationsweisen.lu\\\/de\\\/\"},{\"@type\":\"ListItem\",\"position\":2,\"name\":\"Dienste\",\"item\":\"https:\\\/\\\/plantationsweisen.lu\\\/de\\\/dienste\\\/\"},{\"@type\":\"ListItem\",\"position\":3,\"name\":\"Architektur-3d\"}]},{\"@type\":\"WebSite\",\"@id\":\"https:\\\/\\\/plantationsweisen.lu\\\/#website\",\"url\":\"https:\\\/\\\/plantationsweisen.lu\\\/\",\"name\":\"Plantations Weisen\",\"description\":\"\",\"publisher\":{\"@id\":\"https:\\\/\\\/plantationsweisen.lu\\\/#organization\"},\"potentialAction\":[{\"@type\":\"SearchAction\",\"target\":{\"@type\":\"EntryPoint\",\"urlTemplate\":\"https:\\\/\\\/plantationsweisen.lu\\\/?s={search_term_string}\"},\"query-input\":{\"@type\":\"PropertyValueSpecification\",\"valueRequired\":true,\"valueName\":\"search_term_string\"}}],\"inLanguage\":\"de\"},{\"@type\":\"Organization\",\"@id\":\"https:\\\/\\\/plantationsweisen.lu\\\/#organization\",\"name\":\"Plantations Weisen\",\"url\":\"https:\\\/\\\/plantationsweisen.lu\\\/\",\"logo\":{\"@type\":\"ImageObject\",\"inLanguage\":\"de\",\"@id\":\"https:\\\/\\\/plantationsweisen.lu\\\/#\\\/schema\\\/logo\\\/image\\\/\",\"url\":\"https:\\\/\\\/plantationsweisen.lu\\\/wp-content\\\/uploads\\\/2023\\\/04\\\/cropped-Logo-vert-Fonce-Plantations-Weisen.png\",\"contentUrl\":\"https:\\\/\\\/plantationsweisen.lu\\\/wp-content\\\/uploads\\\/2023\\\/04\\\/cropped-Logo-vert-Fonce-Plantations-Weisen.png\",\"width\":150,\"height\":150,\"caption\":\"Plantations Weisen\"},\"image\":{\"@id\":\"https:\\\/\\\/plantationsweisen.lu\\\/#\\\/schema\\\/logo\\\/image\\\/\"},\"sameAs\":[\"https:\\\/\\\/www.facebook.com\\\/PlantationWeisen\",\"https:\\\/\\\/www.instagram.com\\\/plantationsweisen\\\/\",\"https:\\\/\\\/www.tiktok.com\\\/@plantationsweisen\",\"https:\\\/\\\/www.linkedin.com\\\/company\\\/plantations-weisen\\\/\"]}]}<\/script>\n<!-- \/ Yoast SEO plugin. -->","yoast_head_json":{"title":"3D-Gartengestaltung - Plantations Weisen","description":"Visualisieren Sie Ihren Garten in 3D mit unserem Landschaftsarchitektur-Service. Erwecken Sie Ihr Projekt jetzt zum Leben.","robots":{"index":"index","follow":"follow","max-snippet":"max-snippet:-1","max-image-preview":"max-image-preview:large","max-video-preview":"max-video-preview:-1"},"canonical":"https:\/\/plantationsweisen.lu\/de\/dienste\/3d-architektur\/","og_locale":"de_DE","og_type":"article","og_title":"3D-Gartengestaltung - Plantations Weisen","og_description":"Visualisieren Sie Ihren Garten in 3D mit unserem Landschaftsarchitektur-Service. Erwecken Sie Ihr Projekt jetzt zum Leben.","og_url":"https:\/\/plantationsweisen.lu\/de\/dienste\/3d-architektur\/","og_site_name":"Plantations Weisen","article_publisher":"https:\/\/www.facebook.com\/PlantationWeisen","article_modified_time":"2025-12-01T17:42:57+00:00","og_image":[{"width":1920,"height":1080,"url":"https:\/\/i0.wp.com\/plantationsweisen.lu\/wp-content\/uploads\/revslider\/video-media\/video_architecture_3d_20.jpeg?fit=1920%2C1080&ssl=1","type":"image\/jpeg"}],"twitter_card":"summary_large_image","twitter_misc":{"Gesch\u00e4tzte Lesezeit":"2\u00a0Minuten"},"schema":{"@context":"https:\/\/schema.org","@graph":[{"@type":"WebPage","@id":"https:\/\/plantationsweisen.lu\/de\/dienste\/3d-architektur\/","url":"https:\/\/plantationsweisen.lu\/de\/dienste\/3d-architektur\/","name":"3D-Gartengestaltung - Plantations Weisen","isPartOf":{"@id":"https:\/\/plantationsweisen.lu\/#website"},"primaryImageOfPage":{"@id":"https:\/\/plantationsweisen.lu\/de\/dienste\/3d-architektur\/#primaryimage"},"image":{"@id":"https:\/\/plantationsweisen.lu\/de\/dienste\/3d-architektur\/#primaryimage"},"thumbnailUrl":"https:\/\/plantationsweisen.lu\/wp-content\/uploads\/revslider\/video-media\/video_architecture_3d_20.jpeg","datePublished":"2023-02-15T11:11:00+00:00","dateModified":"2025-12-01T17:42:57+00:00","description":"Visualisieren Sie Ihren Garten in 3D mit unserem Landschaftsarchitektur-Service. Erwecken Sie Ihr Projekt jetzt zum Leben.","breadcrumb":{"@id":"https:\/\/plantationsweisen.lu\/de\/dienste\/3d-architektur\/#breadcrumb"},"inLanguage":"de","potentialAction":[{"@type":"ReadAction","target":["https:\/\/plantationsweisen.lu\/de\/dienste\/3d-architektur\/"]}]},{"@type":"ImageObject","inLanguage":"de","@id":"https:\/\/plantationsweisen.lu\/de\/dienste\/3d-architektur\/#primaryimage","url":"https:\/\/plantationsweisen.lu\/wp-content\/uploads\/revslider\/video-media\/video_architecture_3d_20.jpeg","contentUrl":"https:\/\/plantationsweisen.lu\/wp-content\/uploads\/revslider\/video-media\/video_architecture_3d_20.jpeg","width":1920,"height":1080},{"@type":"BreadcrumbList","@id":"https:\/\/plantationsweisen.lu\/de\/dienste\/3d-architektur\/#breadcrumb","itemListElement":[{"@type":"ListItem","position":1,"name":"Accueil","item":"https:\/\/plantationsweisen.lu\/de\/"},{"@type":"ListItem","position":2,"name":"Dienste","item":"https:\/\/plantationsweisen.lu\/de\/dienste\/"},{"@type":"ListItem","position":3,"name":"Architektur-3d"}]},{"@type":"WebSite","@id":"https:\/\/plantationsweisen.lu\/#website","url":"https:\/\/plantationsweisen.lu\/","name":"Plantations Weisen","description":"","publisher":{"@id":"https:\/\/plantationsweisen.lu\/#organization"},"potentialAction":[{"@type":"SearchAction","target":{"@type":"EntryPoint","urlTemplate":"https:\/\/plantationsweisen.lu\/?s={search_term_string}"},"query-input":{"@type":"PropertyValueSpecification","valueRequired":true,"valueName":"search_term_string"}}],"inLanguage":"de"},{"@type":"Organization","@id":"https:\/\/plantationsweisen.lu\/#organization","name":"Plantations Weisen","url":"https:\/\/plantationsweisen.lu\/","logo":{"@type":"ImageObject","inLanguage":"de","@id":"https:\/\/plantationsweisen.lu\/#\/schema\/logo\/image\/","url":"https:\/\/plantationsweisen.lu\/wp-content\/uploads\/2023\/04\/cropped-Logo-vert-Fonce-Plantations-Weisen.png","contentUrl":"https:\/\/plantationsweisen.lu\/wp-content\/uploads\/2023\/04\/cropped-Logo-vert-Fonce-Plantations-Weisen.png","width":150,"height":150,"caption":"Plantations Weisen"},"image":{"@id":"https:\/\/plantationsweisen.lu\/#\/schema\/logo\/image\/"},"sameAs":["https:\/\/www.facebook.com\/PlantationWeisen","https:\/\/www.instagram.com\/plantationsweisen\/","https:\/\/www.tiktok.com\/@plantationsweisen","https:\/\/www.linkedin.com\/company\/plantations-weisen\/"]}]}},"jetpack_sharing_enabled":true,"_links":{"self":[{"href":"https:\/\/plantationsweisen.lu\/de\/wp-json\/wp\/v2\/pages\/990225","targetHints":{"allow":["GET"]}}],"collection":[{"href":"https:\/\/plantationsweisen.lu\/de\/wp-json\/wp\/v2\/pages"}],"about":[{"href":"https:\/\/plantationsweisen.lu\/de\/wp-json\/wp\/v2\/types\/page"}],"author":[{"embeddable":true,"href":"https:\/\/plantationsweisen.lu\/de\/wp-json\/wp\/v2\/users\/159765760"}],"replies":[{"embeddable":true,"href":"https:\/\/plantationsweisen.lu\/de\/wp-json\/wp\/v2\/comments?post=990225"}],"version-history":[{"count":6,"href":"https:\/\/plantationsweisen.lu\/de\/wp-json\/wp\/v2\/pages\/990225\/revisions"}],"predecessor-version":[{"id":993208,"href":"https:\/\/plantationsweisen.lu\/de\/wp-json\/wp\/v2\/pages\/990225\/revisions\/993208"}],"up":[{"embeddable":true,"href":"https:\/\/plantationsweisen.lu\/de\/wp-json\/wp\/v2\/pages\/990224"}],"wp:featuredmedia":[{"embeddable":true,"href":"https:\/\/plantationsweisen.lu\/de\/wp-json\/wp\/v2\/media\/990144"}],"wp:attachment":[{"href":"https:\/\/plantationsweisen.lu\/de\/wp-json\/wp\/v2\/media?parent=990225"}],"curies":[{"name":"wp","href":"https:\/\/api.w.org\/{rel}","templated":true}]}}